{"id":903,"date":"2017-08-23T20:36:02","date_gmt":"2017-08-23T18:36:02","guid":{"rendered":"https:\/\/www.halibut.ch\/produkt\/plus"},"modified":"2023-03-08T09:01:37","modified_gmt":"2023-03-08T08:01:37","slug":"plus","status":"publish","type":"product","link":"https:\/\/www.halibut.ch\/fr\/produit\/plus","title":{"rendered":"HALIBUT\u00ae plus"},"content":{"rendered":"<p>Les vitamines sont indispensables pour l&rsquo;organisme et pour le bon fonctionnement du syst\u00e8me immunitaire. HALIBUT\u00ae plus compl\u00e8te l&rsquo;alimentation quotidienne \u00e0 base d&rsquo;huile de poisson naturelle et apporte \u00e0 l&rsquo;organisme de la vitamine A et D ainsi que 10 autres vitamines vitales.<\/p>\n","protected":false},"excerpt":{"rendered":"<p>Les vitamines sont indispensables pour l&rsquo;organisme et pour le bon fonctionnement du syst\u00e8me immunitaire. HALIBUT\u00ae&#8230;<\/p>\n","protected":false},"featured_media":2290,"comment_status":"closed","ping_status":"closed","template":"","meta":{"_acf_changed":false},"product_brand":[],"product_cat":[],"product_tag":[],"class_list":{"0":"post-903","1":"product","2":"type-product","3":"status-publish","4":"has-post-thumbnail","7":"first","8":"instock","9":"shipping-taxable","10":"purchasable","11":"product-type-simple"},"acf":[],"yoast_head":"<!-- This site is optimized with the Yoast SEO plugin v27.2 - https:\/\/yoast.com\/product\/yoast-seo-wordpress\/ -->\n<title>HALIBUT\u00ae plus - Halibut<\/title>\n<meta name=\"description\" content=\"HALIBUT\u00ae plus compl\u00e8te l&#039;alimentation quotidienne de fa\u00e7on naturelle et apporte \u00e0 l&#039;organisme de la vitamine A et D ainsi que 10 autres vitamines vitales.\" \/>\n<meta name=\"robots\" content=\"index, follow, max-snippet:-1, max-image-preview:large, max-video-preview:-1\" \/>\n<link rel=\"canonical\" href=\"https:\/\/www.halibut.ch\/fr\/produit\/plus\" \/>\n<meta property=\"og:locale\" content=\"fr_FR\" \/>\n<meta property=\"og:type\" content=\"article\" \/>\n<meta property=\"og:title\" content=\"HALIBUT\u00ae plus - Halibut\" \/>\n<meta property=\"og:description\" content=\"HALIBUT\u00ae plus compl\u00e8te l&#039;alimentation quotidienne de fa\u00e7on naturelle et apporte \u00e0 l&#039;organisme de la vitamine A et D ainsi que 10 autres vitamines vitales.\" \/>\n<meta property=\"og:url\" content=\"https:\/\/www.halibut.ch\/fr\/produit\/plus\" \/>\n<meta property=\"og:site_name\" content=\"Halibut\" \/>\n<meta property=\"article:modified_time\" content=\"2023-03-08T08:01:37+00:00\" \/>\n<meta property=\"og:image\" content=\"https:\/\/www.halibut.ch\/app\/uploads\/Halibut-Packshots-Webseite-1030-x-1100_PLUS_FR.png\" \/>\n\t<meta property=\"og:image:width\" content=\"1030\" \/>\n\t<meta property=\"og:image:height\" content=\"1100\" \/>\n\t<meta property=\"og:image:type\" content=\"image\/png\" \/>\n<meta name=\"twitter:card\" content=\"summary_large_image\" \/>\n<meta name=\"twitter:label1\" content=\"Dur\u00e9e de lecture estim\u00e9e\" \/>\n\t<meta name=\"twitter:data1\" content=\"1 minute\" \/>\n<script type=\"application\/ld+json\" class=\"yoast-schema-graph\">{\"@context\":\"https:\/\/schema.org\",\"@graph\":[{\"@type\":\"WebPage\",\"@id\":\"https:\/\/www.halibut.ch\/fr\/produit\/plus\",\"url\":\"https:\/\/www.halibut.ch\/fr\/produit\/plus\",\"name\":\"HALIBUT\u00ae plus - Halibut\",\"isPartOf\":{\"@id\":\"https:\/\/www.halibut.ch\/fr#website\"},\"primaryImageOfPage\":{\"@id\":\"https:\/\/www.halibut.ch\/fr\/produit\/plus#primaryimage\"},\"image\":{\"@id\":\"https:\/\/www.halibut.ch\/fr\/produit\/plus#primaryimage\"},\"thumbnailUrl\":\"https:\/\/www.halibut.ch\/app\/uploads\/Halibut-Packshots-Webseite-1030-x-1100_PLUS_FR.png\",\"datePublished\":\"2017-08-23T18:36:02+00:00\",\"dateModified\":\"2023-03-08T08:01:37+00:00\",\"description\":\"HALIBUT\u00ae plus compl\u00e8te l'alimentation quotidienne de fa\u00e7on naturelle et apporte \u00e0 l'organisme de la vitamine A et D ainsi que 10 autres vitamines vitales.\",\"breadcrumb\":{\"@id\":\"https:\/\/www.halibut.ch\/fr\/produit\/plus#breadcrumb\"},\"inLanguage\":\"fr-FR\",\"potentialAction\":[{\"@type\":\"ReadAction\",\"target\":[\"https:\/\/www.halibut.ch\/fr\/produit\/plus\"]}]},{\"@type\":\"ImageObject\",\"inLanguage\":\"fr-FR\",\"@id\":\"https:\/\/www.halibut.ch\/fr\/produit\/plus#primaryimage\",\"url\":\"https:\/\/www.halibut.ch\/app\/uploads\/Halibut-Packshots-Webseite-1030-x-1100_PLUS_FR.png\",\"contentUrl\":\"https:\/\/www.halibut.ch\/app\/uploads\/Halibut-Packshots-Webseite-1030-x-1100_PLUS_FR.png\",\"width\":1030,\"height\":1100,\"caption\":\"Halibut-Packshots_Plus_FR\"},{\"@type\":\"BreadcrumbList\",\"@id\":\"https:\/\/www.halibut.ch\/fr\/produit\/plus#breadcrumb\",\"itemListElement\":[{\"@type\":\"ListItem\",\"position\":1,\"name\":\"Startseite\",\"item\":\"https:\/\/www.halibut.ch\/fr\"},{\"@type\":\"ListItem\",\"position\":2,\"name\":\"Shop\",\"item\":\"https:\/\/www.halibut.ch\/fr\/shop\"},{\"@type\":\"ListItem\",\"position\":3,\"name\":\"HALIBUT\u00ae plus\"}]},{\"@type\":\"WebSite\",\"@id\":\"https:\/\/www.halibut.ch\/fr#website\",\"url\":\"https:\/\/www.halibut.ch\/fr\",\"name\":\"Halibut\",\"description\":\"\",\"potentialAction\":[{\"@type\":\"SearchAction\",\"target\":{\"@type\":\"EntryPoint\",\"urlTemplate\":\"https:\/\/www.halibut.ch\/fr?s={search_term_string}\"},\"query-input\":{\"@type\":\"PropertyValueSpecification\",\"valueRequired\":true,\"valueName\":\"search_term_string\"}}],\"inLanguage\":\"fr-FR\"}]}<\/script>\n<!-- \/ Yoast SEO plugin. -->","yoast_head_json":{"title":"HALIBUT\u00ae plus - Halibut","description":"HALIBUT\u00ae plus compl\u00e8te l'alimentation quotidienne de fa\u00e7on naturelle et apporte \u00e0 l'organisme de la vitamine A et D ainsi que 10 autres vitamines vitales.","robots":{"index":"index","follow":"follow","max-snippet":"max-snippet:-1","max-image-preview":"max-image-preview:large","max-video-preview":"max-video-preview:-1"},"canonical":"https:\/\/www.halibut.ch\/fr\/produit\/plus","og_locale":"fr_FR","og_type":"article","og_title":"HALIBUT\u00ae plus - Halibut","og_description":"HALIBUT\u00ae plus compl\u00e8te l'alimentation quotidienne de fa\u00e7on naturelle et apporte \u00e0 l'organisme de la vitamine A et D ainsi que 10 autres vitamines vitales.","og_url":"https:\/\/www.halibut.ch\/fr\/produit\/plus","og_site_name":"Halibut","article_modified_time":"2023-03-08T08:01:37+00:00","og_image":[{"width":1030,"height":1100,"url":"https:\/\/www.halibut.ch\/app\/uploads\/Halibut-Packshots-Webseite-1030-x-1100_PLUS_FR.png","type":"image\/png"}],"twitter_card":"summary_large_image","twitter_misc":{"Dur\u00e9e de lecture estim\u00e9e":"1 minute"},"schema":{"@context":"https:\/\/schema.org","@graph":[{"@type":"WebPage","@id":"https:\/\/www.halibut.ch\/fr\/produit\/plus","url":"https:\/\/www.halibut.ch\/fr\/produit\/plus","name":"HALIBUT\u00ae plus - Halibut","isPartOf":{"@id":"https:\/\/www.halibut.ch\/fr#website"},"primaryImageOfPage":{"@id":"https:\/\/www.halibut.ch\/fr\/produit\/plus#primaryimage"},"image":{"@id":"https:\/\/www.halibut.ch\/fr\/produit\/plus#primaryimage"},"thumbnailUrl":"https:\/\/www.halibut.ch\/app\/uploads\/Halibut-Packshots-Webseite-1030-x-1100_PLUS_FR.png","datePublished":"2017-08-23T18:36:02+00:00","dateModified":"2023-03-08T08:01:37+00:00","description":"HALIBUT\u00ae plus compl\u00e8te l'alimentation quotidienne de fa\u00e7on naturelle et apporte \u00e0 l'organisme de la vitamine A et D ainsi que 10 autres vitamines vitales.","breadcrumb":{"@id":"https:\/\/www.halibut.ch\/fr\/produit\/plus#breadcrumb"},"inLanguage":"fr-FR","potentialAction":[{"@type":"ReadAction","target":["https:\/\/www.halibut.ch\/fr\/produit\/plus"]}]},{"@type":"ImageObject","inLanguage":"fr-FR","@id":"https:\/\/www.halibut.ch\/fr\/produit\/plus#primaryimage","url":"https:\/\/www.halibut.ch\/app\/uploads\/Halibut-Packshots-Webseite-1030-x-1100_PLUS_FR.png","contentUrl":"https:\/\/www.halibut.ch\/app\/uploads\/Halibut-Packshots-Webseite-1030-x-1100_PLUS_FR.png","width":1030,"height":1100,"caption":"Halibut-Packshots_Plus_FR"},{"@type":"BreadcrumbList","@id":"https:\/\/www.halibut.ch\/fr\/produit\/plus#breadcrumb","itemListElement":[{"@type":"ListItem","position":1,"name":"Startseite","item":"https:\/\/www.halibut.ch\/fr"},{"@type":"ListItem","position":2,"name":"Shop","item":"https:\/\/www.halibut.ch\/fr\/shop"},{"@type":"ListItem","position":3,"name":"HALIBUT\u00ae plus"}]},{"@type":"WebSite","@id":"https:\/\/www.halibut.ch\/fr#website","url":"https:\/\/www.halibut.ch\/fr","name":"Halibut","description":"","potentialAction":[{"@type":"SearchAction","target":{"@type":"EntryPoint","urlTemplate":"https:\/\/www.halibut.ch\/fr?s={search_term_string}"},"query-input":{"@type":"PropertyValueSpecification","valueRequired":true,"valueName":"search_term_string"}}],"inLanguage":"fr-FR"}]}},"_links":{"self":[{"href":"https:\/\/www.halibut.ch\/fr\/wp-json\/wp\/v2\/product\/903","targetHints":{"allow":["GET"]}}],"collection":[{"href":"https:\/\/www.halibut.ch\/fr\/wp-json\/wp\/v2\/product"}],"about":[{"href":"https:\/\/www.halibut.ch\/fr\/wp-json\/wp\/v2\/types\/product"}],"replies":[{"embeddable":true,"href":"https:\/\/www.halibut.ch\/fr\/wp-json\/wp\/v2\/comments?post=903"}],"wp:featuredmedia":[{"embeddable":true,"href":"https:\/\/www.halibut.ch\/fr\/wp-json\/wp\/v2\/media\/2290"}],"wp:attachment":[{"href":"https:\/\/www.halibut.ch\/fr\/wp-json\/wp\/v2\/media?parent=903"}],"wp:term":[{"taxonomy":"product_brand","embeddable":true,"href":"https:\/\/www.halibut.ch\/fr\/wp-json\/wp\/v2\/product_brand?post=903"},{"taxonomy":"product_cat","embeddable":true,"href":"https:\/\/www.halibut.ch\/fr\/wp-json\/wp\/v2\/product_cat?post=903"},{"taxonomy":"product_tag","embeddable":true,"href":"https:\/\/www.halibut.ch\/fr\/wp-json\/wp\/v2\/product_tag?post=903"}],"curies":[{"name":"wp","href":"https:\/\/api.w.org\/{rel}","templated":true}]}}