{"id":603,"date":"2017-08-16T14:41:09","date_gmt":"2017-08-16T12:41:09","guid":{"rendered":"https:\/\/www.halibut.ch\/kontakt"},"modified":"2017-10-05T19:43:45","modified_gmt":"2017-10-05T17:43:45","slug":"kontakt","status":"publish","type":"page","link":"https:\/\/www.halibut.ch\/fr\/kontakt","title":{"rendered":"Contact"},"content":{"rendered":"<p>Vous avez une question sur les produits HALIBUT, la marque ou l&rsquo;entreprise? Alors, veuillez utiliser notre formulaire de contact. Pour toutes questions relatives \u00e0 votre commande en ligne, veuillez contacter le service client\u00e8le de notre partenaire distributeur gesund-gekauft.ch AG. Aux heures de bureau, il est l\u00e0 pour vous.<\/p>\n<h2>Service client \u2013 Questions sur HALIBUT<\/h2>\n<p><span id=\"result_box\" class=\"\" lang=\"fr\"><span class=\"\">Notre service \u00e0 la client\u00e8le est disponible du lundi au vendredi de 08h00 \u00e0 16h00.<\/span><\/span><br \/>\nTel.: +41 61 486 36 00<br \/>\n<a href=\"javascript:secureDecryptAndNavigate('Pa7lkfFuHWdZmC59Xn\/+iVApQSjFtLIWkeWg1HI11\/6gKDPOygaqSzIrHZvDvyGT0kAQ38hL\/lHpQSiu6IFgMFK51hW76cwbGE\/7900DUZE=', 'a767ec75bab64295b7be574e01b0cbcaa7b7182cb63cf924bdd95b24fcaa19dc')\">marketingconsumer(at)merz.ch<\/a><\/p>\n<h2>Service client \u2013 Boutique en ligne<\/h2>\n<p>gesund-gekauft.ch AG<br \/>\nPostfach<br \/>\nCH-8910 Affoltern am Albis<\/p>\n<p>Tel.: +41 44 762 24 02<br \/>\nFax: +41 44 762 24 09<br \/>\n<a href=\"javascript:secureDecryptAndNavigate('EhdjHeQmAYG29kG7hgWv4IA5TE8LtHR0Yx0OD\/T89AwOdJQgd9iTS4SsVv3bvSlXtW\/5394bl2t\/MV+34ClCVAwFG+fQl\/NvExhgoEQ=', 'a767ec75bab64295b7be574e01b0cbcaa7b7182cb63cf924bdd95b24fcaa19dc')\">info(at)gesund-gekauft.ch<\/a><\/p>\n<p>La distribution en ligne aux consommateurs finaux en Suisse et dans la Principaut\u00e9 du Liechtenstein s&rsquo;effectue par l&rsquo;interm\u00e9diaire de notre distributeur officiel Gesund-gekauft.ch AG, \u00e0 qui est transf\u00e9r\u00e9e votre commande (les conditions de commande de Gesund-gekauft.ch AG s&rsquo;appliquent). Vous trouverez les CGV de gesund-gekauft.ch AG <a href=\"https:\/\/www.halibut.ch\/fr\/agbs\">ici<\/a>.<\/p>\n<h2>Formulaire de contact<\/h2>\n\n<div class=\"wpcf7 no-js\" id=\"wpcf7-f606-o1\" lang=\"de-DE\" dir=\"ltr\" data-wpcf7-id=\"606\">\n<div class=\"screen-reader-response\"><p role=\"status\" aria-live=\"polite\" aria-atomic=\"true\"><\/p> <ul><\/ul><\/div>\n<form action=\"\/fr\/wp-json\/wp\/v2\/pages\/603#wpcf7-f606-o1\" method=\"post\" class=\"wpcf7-form init wpcf7-acceptance-as-validation\" aria-label=\"Kontaktformular\" novalidate=\"novalidate\" data-status=\"init\">\n<fieldset class=\"hidden-fields-container\"><input type=\"hidden\" name=\"_wpcf7\" value=\"606\" \/><input type=\"hidden\" name=\"_wpcf7_version\" value=\"6.1.5\" \/><input type=\"hidden\" name=\"_wpcf7_locale\" value=\"de_DE\" \/><input type=\"hidden\" name=\"_wpcf7_unit_tag\" value=\"wpcf7-f606-o1\" \/><input type=\"hidden\" name=\"_wpcf7_container_post\" value=\"0\" \/><input type=\"hidden\" name=\"_wpcf7_posted_data_hash\" value=\"\" \/><input type=\"hidden\" name=\"_wpcf7_recaptcha_response\" value=\"\" \/>\n<\/fieldset>\n<span class=\"wpcf7-form-control-wrap\" data-name=\"vorname\"><input size=\"40\" maxlength=\"400\" class=\"wpcf7-form-control wpcf7-text wpcf7-validates-as-required\" aria-required=\"true\" aria-invalid=\"false\" placeholder=\"Pr\u00e9nom *\" value=\"\" type=\"text\" name=\"vorname\" \/><\/span>\n<span class=\"wpcf7-form-control-wrap\" data-name=\"nname\"><input size=\"40\" maxlength=\"400\" class=\"wpcf7-form-control wpcf7-text wpcf7-validates-as-required\" aria-required=\"true\" aria-invalid=\"false\" placeholder=\"Nom *\" value=\"\" type=\"text\" name=\"nname\" \/><\/span>\n<span class=\"wpcf7-form-control-wrap\" data-name=\"firma\"><input size=\"40\" maxlength=\"400\" class=\"wpcf7-form-control wpcf7-text\" aria-invalid=\"false\" placeholder=\"Entreprise\" value=\"\" type=\"text\" name=\"firma\" \/><\/span>\n<span class=\"wpcf7-form-control-wrap\" data-name=\"strasse-nr\"><input size=\"40\" maxlength=\"400\" class=\"wpcf7-form-control wpcf7-text\" aria-invalid=\"false\" placeholder=\"Rue et n\u00b0\" value=\"\" type=\"text\" name=\"strasse-nr\" \/><\/span>\n<span class=\"wpcf7-form-control-wrap\" data-name=\"plz-ort\"><input size=\"40\" maxlength=\"400\" class=\"wpcf7-form-control wpcf7-text\" aria-invalid=\"false\" placeholder=\"NPA, ville\" value=\"\" type=\"text\" name=\"plz-ort\" \/><\/span>\n<span class=\"wpcf7-form-control-wrap\" data-name=\"land\"><input size=\"40\" maxlength=\"400\" class=\"wpcf7-form-control wpcf7-text\" aria-invalid=\"false\" placeholder=\"Pays\" value=\"\" type=\"text\" name=\"land\" \/><\/span>\n<span class=\"wpcf7-form-control-wrap\" data-name=\"telefon\"><input size=\"40\" maxlength=\"400\" class=\"wpcf7-form-control wpcf7-tel wpcf7-text wpcf7-validates-as-tel\" aria-invalid=\"false\" placeholder=\"T\u00e9l\u00e9phone\" value=\"\" type=\"tel\" name=\"telefon\" \/><\/span>\n<span class=\"wpcf7-form-control-wrap\" data-name=\"email\"><input size=\"40\" maxlength=\"400\" class=\"wpcf7-form-control wpcf7-email wpcf7-validates-as-required wpcf7-text wpcf7-validates-as-email\" aria-required=\"true\" aria-invalid=\"false\" placeholder=\"Adresse e-mail *\" value=\"\" type=\"email\" name=\"email\" \/><\/span>\n<span class=\"wpcf7-form-control-wrap\" data-name=\"nachricht\"><textarea cols=\"40\" rows=\"10\" maxlength=\"2000\" class=\"wpcf7-form-control wpcf7-textarea wpcf7-validates-as-required\" aria-required=\"true\" aria-invalid=\"false\" placeholder=\"Votre message *\" name=\"nachricht\"><\/textarea><\/span>\n<div class=\"form-elements\">\n<div class=\"form-element-full\"><p>Par l'envoi vous donnez votre assentiment \u00e0 la <a aria-label=\"learn more about cookies\" role=\"button\" tabindex=\"0\" href=\"\/fr\/politique-de-confidentialite\" rel=\"noopener noreferrer nofollow\" target=\"_self\">d\u00e9claration sur la protection des donn\u00e9es.<\/a> Le site Web est prot\u00e9g\u00e9 par reCAPTCHA. Les <a href=\"https:\/\/policies.google.com\/privacy\"> r\u00e8gles de confidentialit\u00e9 <\/a> et les <a href=\"https:\/\/policies.google.com\/terms\"> conditions d'utilisation <\/a> s'appliquent de Google.<\/p><\/div>\n<\/div>\n\n<input class=\"wpcf7-form-control wpcf7-submit has-spinner\" type=\"submit\" value=\"Envoyer\" \/>\n<div class=\"clear\"><\/div><div class=\"wpcf7-response-output\" aria-hidden=\"true\"><\/div>\n<\/form>\n<\/div>\n\n<p>&nbsp;<\/p>\n<p>&nbsp;<\/p>\n","protected":false},"excerpt":{"rendered":"<p>Vous avez une question sur les produits HALIBUT, la marque ou l&rsquo;entreprise? Alors, veuillez utiliser&#8230;<\/p>\n","protected":false},"author":14,"featured_media":0,"parent":0,"menu_order":99,"comment_status":"closed","ping_status":"closed","template":"","meta":{"_acf_changed":false,"footnotes":""},"class_list":["post-603","page","type-page","status-publish","hentry"],"acf":[],"yoast_head":"<!-- This site is optimized with the Yoast SEO plugin v27.2 - https:\/\/yoast.com\/product\/yoast-seo-wordpress\/ -->\n<title>Contact - Halibut<\/title>\n<meta name=\"robots\" content=\"index, follow, max-snippet:-1, max-image-preview:large, max-video-preview:-1\" \/>\n<link rel=\"canonical\" href=\"https:\/\/www.halibut.ch\/fr\/kontakt\" \/>\n<meta property=\"og:locale\" content=\"fr_FR\" \/>\n<meta property=\"og:type\" content=\"article\" \/>\n<meta property=\"og:title\" content=\"Contact - Halibut\" \/>\n<meta property=\"og:description\" content=\"Vous avez une question sur les produits HALIBUT, la marque ou l&rsquo;entreprise? Alors, veuillez utiliser...\" \/>\n<meta property=\"og:url\" content=\"https:\/\/www.halibut.ch\/fr\/kontakt\" \/>\n<meta property=\"og:site_name\" content=\"Halibut\" \/>\n<meta property=\"article:modified_time\" content=\"2017-10-05T17:43:45+00:00\" \/>\n<meta name=\"twitter:card\" content=\"summary_large_image\" \/>\n<meta name=\"twitter:label1\" content=\"Dur\u00e9e de lecture estim\u00e9e\" \/>\n\t<meta name=\"twitter:data1\" content=\"1 minute\" \/>\n<script type=\"application\/ld+json\" class=\"yoast-schema-graph\">{\"@context\":\"https:\/\/schema.org\",\"@graph\":[{\"@type\":\"WebPage\",\"@id\":\"https:\/\/www.halibut.ch\/fr\/kontakt\",\"url\":\"https:\/\/www.halibut.ch\/fr\/kontakt\",\"name\":\"Contact - Halibut\",\"isPartOf\":{\"@id\":\"https:\/\/www.halibut.ch\/fr#website\"},\"datePublished\":\"2017-08-16T12:41:09+00:00\",\"dateModified\":\"2017-10-05T17:43:45+00:00\",\"breadcrumb\":{\"@id\":\"https:\/\/www.halibut.ch\/fr\/kontakt#breadcrumb\"},\"inLanguage\":\"fr-FR\",\"potentialAction\":[{\"@type\":\"ReadAction\",\"target\":[\"https:\/\/www.halibut.ch\/fr\/kontakt\"]}]},{\"@type\":\"BreadcrumbList\",\"@id\":\"https:\/\/www.halibut.ch\/fr\/kontakt#breadcrumb\",\"itemListElement\":[{\"@type\":\"ListItem\",\"position\":1,\"name\":\"Startseite\",\"item\":\"https:\/\/www.halibut.ch\/fr\"},{\"@type\":\"ListItem\",\"position\":2,\"name\":\"Contact\"}]},{\"@type\":\"WebSite\",\"@id\":\"https:\/\/www.halibut.ch\/fr#website\",\"url\":\"https:\/\/www.halibut.ch\/fr\",\"name\":\"Halibut\",\"description\":\"\",\"potentialAction\":[{\"@type\":\"SearchAction\",\"target\":{\"@type\":\"EntryPoint\",\"urlTemplate\":\"https:\/\/www.halibut.ch\/fr?s={search_term_string}\"},\"query-input\":{\"@type\":\"PropertyValueSpecification\",\"valueRequired\":true,\"valueName\":\"search_term_string\"}}],\"inLanguage\":\"fr-FR\"}]}<\/script>\n<!-- \/ Yoast SEO plugin. -->","yoast_head_json":{"title":"Contact - Halibut","robots":{"index":"index","follow":"follow","max-snippet":"max-snippet:-1","max-image-preview":"max-image-preview:large","max-video-preview":"max-video-preview:-1"},"canonical":"https:\/\/www.halibut.ch\/fr\/kontakt","og_locale":"fr_FR","og_type":"article","og_title":"Contact - Halibut","og_description":"Vous avez une question sur les produits HALIBUT, la marque ou l&rsquo;entreprise? Alors, veuillez utiliser...","og_url":"https:\/\/www.halibut.ch\/fr\/kontakt","og_site_name":"Halibut","article_modified_time":"2017-10-05T17:43:45+00:00","twitter_card":"summary_large_image","twitter_misc":{"Dur\u00e9e de lecture estim\u00e9e":"1 minute"},"schema":{"@context":"https:\/\/schema.org","@graph":[{"@type":"WebPage","@id":"https:\/\/www.halibut.ch\/fr\/kontakt","url":"https:\/\/www.halibut.ch\/fr\/kontakt","name":"Contact - Halibut","isPartOf":{"@id":"https:\/\/www.halibut.ch\/fr#website"},"datePublished":"2017-08-16T12:41:09+00:00","dateModified":"2017-10-05T17:43:45+00:00","breadcrumb":{"@id":"https:\/\/www.halibut.ch\/fr\/kontakt#breadcrumb"},"inLanguage":"fr-FR","potentialAction":[{"@type":"ReadAction","target":["https:\/\/www.halibut.ch\/fr\/kontakt"]}]},{"@type":"BreadcrumbList","@id":"https:\/\/www.halibut.ch\/fr\/kontakt#breadcrumb","itemListElement":[{"@type":"ListItem","position":1,"name":"Startseite","item":"https:\/\/www.halibut.ch\/fr"},{"@type":"ListItem","position":2,"name":"Contact"}]},{"@type":"WebSite","@id":"https:\/\/www.halibut.ch\/fr#website","url":"https:\/\/www.halibut.ch\/fr","name":"Halibut","description":"","potentialAction":[{"@type":"SearchAction","target":{"@type":"EntryPoint","urlTemplate":"https:\/\/www.halibut.ch\/fr?s={search_term_string}"},"query-input":{"@type":"PropertyValueSpecification","valueRequired":true,"valueName":"search_term_string"}}],"inLanguage":"fr-FR"}]}},"_links":{"self":[{"href":"https:\/\/www.halibut.ch\/fr\/wp-json\/wp\/v2\/pages\/603","targetHints":{"allow":["GET"]}}],"collection":[{"href":"https:\/\/www.halibut.ch\/fr\/wp-json\/wp\/v2\/pages"}],"about":[{"href":"https:\/\/www.halibut.ch\/fr\/wp-json\/wp\/v2\/types\/page"}],"author":[{"embeddable":true,"href":"https:\/\/www.halibut.ch\/fr\/wp-json\/wp\/v2\/users\/14"}],"replies":[{"embeddable":true,"href":"https:\/\/www.halibut.ch\/fr\/wp-json\/wp\/v2\/comments?post=603"}],"version-history":[{"count":5,"href":"https:\/\/www.halibut.ch\/fr\/wp-json\/wp\/v2\/pages\/603\/revisions"}],"predecessor-version":[{"id":946,"href":"https:\/\/www.halibut.ch\/fr\/wp-json\/wp\/v2\/pages\/603\/revisions\/946"}],"wp:attachment":[{"href":"https:\/\/www.halibut.ch\/fr\/wp-json\/wp\/v2\/media?parent=603"}],"curies":[{"name":"wp","href":"https:\/\/api.w.org\/{rel}","templated":true}]}}