{"id":583,"date":"2017-09-27T17:46:26","date_gmt":"2017-09-27T15:46:26","guid":{"rendered":"https:\/\/www.halibut.ch?page_id=583"},"modified":"2023-01-19T09:04:27","modified_gmt":"2023-01-19T08:04:27","slug":"msc","status":"publish","type":"page","link":"https:\/\/www.halibut.ch\/fr\/msc","title":{"rendered":"MSC"},"content":{"rendered":"<h2>G\u00e9n\u00e9ralit\u00e9s<\/h2>\n<p>MSC est l&rsquo;abr\u00e9viation de Marine Stewardship Council. Le MSC est une organisation internationale \u00e0 but non lucratif visant \u00e0 prot\u00e9ger les oc\u00e9ans et les stocks de poissons. Il a \u00e9t\u00e9 fond\u00e9 en 1997 par l&rsquo;organisation environnementale WWF et le groupe alimentaire Unilever en tant qu&rsquo;ONG afin d&rsquo;am\u00e9liorer la p\u00eache mondiale gr\u00e2ce \u00e0 un programme de certification bas\u00e9 sur des crit\u00e8res environnementaux stricts.<\/p>\n<p>Depuis 1999, le MSC est compl\u00e8tement ind\u00e9pendant des deux organismes et g\u00e8re le programme le plus connu au monde de marquage et de certification \u00e9cologique pour la p\u00eache de poissons sauvages. Il respecte les directives internationalement reconnues de la FAO et de l\u2019ISEAL.<\/p>\n<p>Les entreprises de p\u00eache peuvent se soumettre \u00e0 une \u00e9valuation selon les crit\u00e8res du MSC sur une base volontaire: elles ne sont \u00e9valu\u00e9es que si elles le d\u00e9sirent. La certification est effectu\u00e9e par un \u00e9valuateur externe et ind\u00e9pendant. Une certification MSC prouve objectivement que l\u2019entreprise travaille de fa\u00e7on durable et est dirig\u00e9e de fa\u00e7on exemplaire, quels que soient son type de p\u00eache, sa taille et son emplacement g\u00e9ographique.<\/p>\n<p>L&rsquo;objectif du MSC est de mettre fin \u00e0 la surp\u00eache et de minimiser l&rsquo;impact n\u00e9gatif de la p\u00eache sur l&rsquo;\u00e9cosyst\u00e8me marin.<\/p>\n","protected":false},"excerpt":{"rendered":"<p>G\u00e9n\u00e9ralit\u00e9s MSC est l&rsquo;abr\u00e9viation de Marine Stewardship Council. Le MSC est une organisation internationale \u00e0&#8230;<\/p>\n","protected":false},"author":14,"featured_media":0,"parent":0,"menu_order":3,"comment_status":"closed","ping_status":"closed","template":"","meta":{"_acf_changed":false,"footnotes":""},"class_list":["post-583","page","type-page","status-publish","hentry"],"acf":[],"yoast_head":"<!-- This site is optimized with the Yoast SEO plugin v27.2 - https:\/\/yoast.com\/product\/yoast-seo-wordpress\/ -->\n<title>MSC - Halibut<\/title>\n<meta name=\"robots\" content=\"index, follow, max-snippet:-1, max-image-preview:large, max-video-preview:-1\" \/>\n<link rel=\"canonical\" href=\"https:\/\/www.halibut.ch\/fr\/msc\" \/>\n<meta property=\"og:locale\" content=\"fr_FR\" \/>\n<meta property=\"og:type\" content=\"article\" \/>\n<meta property=\"og:title\" content=\"MSC - Halibut\" \/>\n<meta property=\"og:description\" content=\"G\u00e9n\u00e9ralit\u00e9s MSC est l&rsquo;abr\u00e9viation de Marine Stewardship Council. Le MSC est une organisation internationale \u00e0...\" \/>\n<meta property=\"og:url\" content=\"https:\/\/www.halibut.ch\/fr\/msc\" \/>\n<meta property=\"og:site_name\" content=\"Halibut\" \/>\n<meta property=\"article:modified_time\" content=\"2023-01-19T08:04:27+00:00\" \/>\n<meta name=\"twitter:card\" content=\"summary_large_image\" \/>\n<meta name=\"twitter:label1\" content=\"Dur\u00e9e de lecture estim\u00e9e\" \/>\n\t<meta name=\"twitter:data1\" content=\"2 minutes\" \/>\n<script type=\"application\/ld+json\" class=\"yoast-schema-graph\">{\"@context\":\"https:\/\/schema.org\",\"@graph\":[{\"@type\":\"WebPage\",\"@id\":\"https:\/\/www.halibut.ch\/fr\/msc\",\"url\":\"https:\/\/www.halibut.ch\/fr\/msc\",\"name\":\"MSC - Halibut\",\"isPartOf\":{\"@id\":\"https:\/\/www.halibut.ch\/fr#website\"},\"datePublished\":\"2017-09-27T15:46:26+00:00\",\"dateModified\":\"2023-01-19T08:04:27+00:00\",\"breadcrumb\":{\"@id\":\"https:\/\/www.halibut.ch\/fr\/msc#breadcrumb\"},\"inLanguage\":\"fr-FR\",\"potentialAction\":[{\"@type\":\"ReadAction\",\"target\":[\"https:\/\/www.halibut.ch\/fr\/msc\"]}]},{\"@type\":\"BreadcrumbList\",\"@id\":\"https:\/\/www.halibut.ch\/fr\/msc#breadcrumb\",\"itemListElement\":[{\"@type\":\"ListItem\",\"position\":1,\"name\":\"Startseite\",\"item\":\"https:\/\/www.halibut.ch\/fr\"},{\"@type\":\"ListItem\",\"position\":2,\"name\":\"MSC\"}]},{\"@type\":\"WebSite\",\"@id\":\"https:\/\/www.halibut.ch\/fr#website\",\"url\":\"https:\/\/www.halibut.ch\/fr\",\"name\":\"Halibut\",\"description\":\"\",\"potentialAction\":[{\"@type\":\"SearchAction\",\"target\":{\"@type\":\"EntryPoint\",\"urlTemplate\":\"https:\/\/www.halibut.ch\/fr?s={search_term_string}\"},\"query-input\":{\"@type\":\"PropertyValueSpecification\",\"valueRequired\":true,\"valueName\":\"search_term_string\"}}],\"inLanguage\":\"fr-FR\"}]}<\/script>\n<!-- \/ Yoast SEO plugin. -->","yoast_head_json":{"title":"MSC - Halibut","robots":{"index":"index","follow":"follow","max-snippet":"max-snippet:-1","max-image-preview":"max-image-preview:large","max-video-preview":"max-video-preview:-1"},"canonical":"https:\/\/www.halibut.ch\/fr\/msc","og_locale":"fr_FR","og_type":"article","og_title":"MSC - Halibut","og_description":"G\u00e9n\u00e9ralit\u00e9s MSC est l&rsquo;abr\u00e9viation de Marine Stewardship Council. Le MSC est une organisation internationale \u00e0...","og_url":"https:\/\/www.halibut.ch\/fr\/msc","og_site_name":"Halibut","article_modified_time":"2023-01-19T08:04:27+00:00","twitter_card":"summary_large_image","twitter_misc":{"Dur\u00e9e de lecture estim\u00e9e":"2 minutes"},"schema":{"@context":"https:\/\/schema.org","@graph":[{"@type":"WebPage","@id":"https:\/\/www.halibut.ch\/fr\/msc","url":"https:\/\/www.halibut.ch\/fr\/msc","name":"MSC - Halibut","isPartOf":{"@id":"https:\/\/www.halibut.ch\/fr#website"},"datePublished":"2017-09-27T15:46:26+00:00","dateModified":"2023-01-19T08:04:27+00:00","breadcrumb":{"@id":"https:\/\/www.halibut.ch\/fr\/msc#breadcrumb"},"inLanguage":"fr-FR","potentialAction":[{"@type":"ReadAction","target":["https:\/\/www.halibut.ch\/fr\/msc"]}]},{"@type":"BreadcrumbList","@id":"https:\/\/www.halibut.ch\/fr\/msc#breadcrumb","itemListElement":[{"@type":"ListItem","position":1,"name":"Startseite","item":"https:\/\/www.halibut.ch\/fr"},{"@type":"ListItem","position":2,"name":"MSC"}]},{"@type":"WebSite","@id":"https:\/\/www.halibut.ch\/fr#website","url":"https:\/\/www.halibut.ch\/fr","name":"Halibut","description":"","potentialAction":[{"@type":"SearchAction","target":{"@type":"EntryPoint","urlTemplate":"https:\/\/www.halibut.ch\/fr?s={search_term_string}"},"query-input":{"@type":"PropertyValueSpecification","valueRequired":true,"valueName":"search_term_string"}}],"inLanguage":"fr-FR"}]}},"_links":{"self":[{"href":"https:\/\/www.halibut.ch\/fr\/wp-json\/wp\/v2\/pages\/583","targetHints":{"allow":["GET"]}}],"collection":[{"href":"https:\/\/www.halibut.ch\/fr\/wp-json\/wp\/v2\/pages"}],"about":[{"href":"https:\/\/www.halibut.ch\/fr\/wp-json\/wp\/v2\/types\/page"}],"author":[{"embeddable":true,"href":"https:\/\/www.halibut.ch\/fr\/wp-json\/wp\/v2\/users\/14"}],"replies":[{"embeddable":true,"href":"https:\/\/www.halibut.ch\/fr\/wp-json\/wp\/v2\/comments?post=583"}],"version-history":[{"count":6,"href":"https:\/\/www.halibut.ch\/fr\/wp-json\/wp\/v2\/pages\/583\/revisions"}],"predecessor-version":[{"id":2249,"href":"https:\/\/www.halibut.ch\/fr\/wp-json\/wp\/v2\/pages\/583\/revisions\/2249"}],"wp:attachment":[{"href":"https:\/\/www.halibut.ch\/fr\/wp-json\/wp\/v2\/media?parent=583"}],"curies":[{"name":"wp","href":"https:\/\/api.w.org\/{rel}","templated":true}]}}