{"id":580,"date":"2017-08-16T14:41:01","date_gmt":"2017-08-16T12:41:01","guid":{"rendered":"https:\/\/www.halibut.ch\/impressum"},"modified":"2022-11-22T09:44:51","modified_gmt":"2022-11-22T08:44:51","slug":"impressum","status":"publish","type":"page","link":"https:\/\/www.halibut.ch\/fr\/impressum","title":{"rendered":"Mentions l\u00e9gales"},"content":{"rendered":"<h2>Editeur<\/h2>\n<p>Merz Pharma (Suisse) AG<br \/>\nHegenheimermattweg 57<br \/>\nCH &#8211; 4123 Allschwil<\/p>\n<p>Tel.: +41 61 486 36 00<br \/>\nFax: +41 61 486 36 36<br \/>\n<a href=\"javascript:secureDecryptAndNavigate('u1C\/ArEkC9ft6N474IDubV\/qaqdBa+AP6P3\/ke0XCBWIeuI0t3vtMCJELl6Z9mjG4Jl2RI6Gq4G2Vc06CgxApc\/t', 'a767ec75bab64295b7be574e01b0cbcaa7b7182cb63cf924bdd95b24fcaa19dc')\">otx(at)merz.ch<\/a><\/p>\n<h2>Distribution en ligne<\/h2>\n<p>Les produits de la marque HALIBUT sont des produits de Merz Pharma (Suisse) SA. La distribution en ligne aux consommateurs finaux en Suisse et dans la Principaut\u00e9 du Liechtenstein s&rsquo;effectue par l&rsquo;interm\u00e9diaire de notre distributeur officiel gesund-gekauft.ch AG, \u00e0 qui est transf\u00e9r\u00e9e votre commande (les conditions de commande de Gesund-gekauft.ch AG s&rsquo;appliquent).<\/p>\n<p>Les produits que vous commandez sont livr\u00e9s contre facturation par la soci\u00e9t\u00e9 gesund-gekauft.ch AG<\/p>\n<p><em>gesund-gekauft.ch AG<\/em><br \/>\n<em>Bergrain 6b, Postfach<\/em><br \/>\n<em>CH-8910 Affoltern am Albis<\/em><\/p>\n<p>Tel.: +41 44 762 24 02<br \/>\nFax: +41 44 762 24 09<br \/>\n<a href=\"javascript:secureDecryptAndNavigate('pfHvlNcQ5p0Epe89zo5Tzg4kvfFbooMWT8JFHSv0w++pS86PnRwZrw56SJ0USq7E8BXHPlLG9AivWI7+kqLgmx\/HX4zEYlAhqUBmP\/uuN0k=', 'a767ec75bab64295b7be574e01b0cbcaa7b7182cb63cf924bdd95b24fcaa19dc')\">service(at)gesund-gekauft.ch<\/a><br \/>\n<a href=\"http:\/\/www.gesund-gekauft.ch\" target=\"_blank\" rel=\"noopener\">www.gesund-gekauft.ch<\/a><\/p>\n<h2>Conception et design<\/h2>\n<p><a href=\"https:\/\/www.eyeloveyou.ch\/\" target=\"_blank\" rel=\"noopener\">eyeloveyou GmbH, Werbeagentur Basel<\/a><\/p>\n<h2>Web d\u00e9veloppement<\/h2>\n<p><a href=\"https:\/\/www.foxcomputers.ch\/webdesign-basel\" target=\"_blank\" rel=\"noopener\">Fox Computers &#8211; Webdesign &amp; Development<\/a><\/p>\n<h2>Exclusion de responsabilit\u00e9<\/h2>\n<p>L&rsquo;auteur se r\u00e9serve le droit de ne pas \u00eatre responsable de l&rsquo;actualit\u00e9, de l&rsquo;exactitude, de l&rsquo;exhaustivit\u00e9, de la fiabilit\u00e9 ou de la qualit\u00e9 des informations fournies. Toute revendication de responsabilit\u00e9 contre l&rsquo;auteur pour des dommages mat\u00e9riels ou immat\u00e9riels r\u00e9sultant de l&rsquo;acc\u00e8s ou de l&rsquo;utilisation ou de la non-utilisation des informations publi\u00e9es, d&rsquo;une mauvaise utilisation de la connexion ou de d\u00e9fauts techniques est exclue. Toutes les offres sont sans engagement. L&rsquo;auteur se r\u00e9serve express\u00e9ment le droit de modifier, compl\u00e9ter ou supprimer des parties des pages ou l&rsquo;ensemble de l&rsquo;offre sans annonce s\u00e9par\u00e9e ou de cesser temporairement ou d\u00e9finitivement la publication.<\/p>\n<h2>Responsabilit\u00e9 pour les liens<\/h2>\n<p>L&rsquo;auteur n&rsquo;est pas responsable des contenus li\u00e9s ou r\u00e9f\u00e9renc\u00e9s sur ses pages &#8211; \u00e0 moins qu&rsquo;il n&rsquo;ait connaissance de contenus ill\u00e9gaux et qu&rsquo;il soit en mesure d&#8217;emp\u00eacher les visiteurs de son site de voir ces pages. L&rsquo;auteur d\u00e9clare express\u00e9ment qu&rsquo;au moment de la cr\u00e9ation des liens, aucun contenu ill\u00e9gal n&rsquo;\u00e9tait perceptible sur les pages li\u00e9es. L&rsquo;auteur n&rsquo;a aucune influence sur la conception actuelle et future, le contenu ou la paternit\u00e9 des pages li\u00e9es. C&rsquo;est pourquoi il se dissocie express\u00e9ment de tous les contenus de toutes les pages li\u00e9es qui ont \u00e9t\u00e9 modifi\u00e9es apr\u00e8s la mise en place du lien. Cette d\u00e9claration s&rsquo;applique \u00e0 tous les liens et renvois figurant dans l&rsquo;offre Internet de l&rsquo;auteur ainsi qu&rsquo;aux entr\u00e9es externes dans les livres d&rsquo;or, les forums de discussion et les listes de diffusion mis en place par l&rsquo;auteur. Pour les contenus ill\u00e9gaux, incorrects ou incomplets et en particulier pour les dommages r\u00e9sultant de l&rsquo;utilisation ou de la non-utilisation des informations ainsi pr\u00e9sent\u00e9es, seul le fournisseur de la page \u00e0 laquelle il a \u00e9t\u00e9 renvoy\u00e9 est responsable, et non la personne qui renvoie simplement \u00e0 la publication respective par le biais de liens.<\/p>\n<h2>Droits d&rsquo;auteur<\/h2>\n<p>Les droits d&rsquo;auteur et tous les autres droits sur les contenus, images, photos ou autres fichiers du site Internet appartiennent exclusivement \u00e0 Merz Pharma (Schweiz) AG ou aux titulaires de droits d&rsquo;auteur express\u00e9ment d\u00e9sign\u00e9s. Le consentement \u00e9crit des d\u00e9tenteurs de droits d&rsquo;auteur doit \u00eatre obtenu \u00e0 l&rsquo;avance pour la reproduction de tout \u00e9l\u00e9ment.<\/p>\n<p>L&rsquo;auteur s&rsquo;efforce de respecter les droits d&rsquo;auteur des graphiques, documents sonores, s\u00e9quences vid\u00e9o et textes utilis\u00e9s dans toutes les publications, d&rsquo;utiliser des graphiques, documents sonores, s\u00e9quences vid\u00e9o et textes cr\u00e9\u00e9s par lui-m\u00eame ou de recourir \u00e0 des graphiques, documents sonores, s\u00e9quences vid\u00e9o et textes sans licence. Toutes les marques et marques d\u00e9pos\u00e9es mentionn\u00e9es dans l&rsquo;offre Internet et \u00e9ventuellement prot\u00e9g\u00e9es par des tiers sont soumises sans restriction aux dispositions du droit des marques en vigueur et aux droits de propri\u00e9t\u00e9 des propri\u00e9taires enregistr\u00e9s respectifs. La simple mention de marques ne signifie pas qu&rsquo;elles ne sont pas prot\u00e9g\u00e9es par les droits de tiers ! Les droits d&rsquo;auteur pour les objets publi\u00e9s cr\u00e9\u00e9s par l&rsquo;auteur lui-m\u00eame restent la propri\u00e9t\u00e9 exclusive de l&rsquo;auteur des pages. Toute reproduction ou utilisation d&rsquo;objets tels que diagrammes, sons ou textes dans d&rsquo;autres publications \u00e9lectroniques ou imprim\u00e9es n&rsquo;est pas autoris\u00e9e sans l&rsquo;accord de l&rsquo;auteur.<\/p>\n<h2>Confidentialit\u00e9 des donn\u00e9es<\/h2>\n<p>Si l&rsquo;occasion de saisir des donn\u00e9es personnelles ou professionnelles (adresses e-mail, nom, adresses) est donn\u00e9e, la saisie de ces donn\u00e9es a lieu volontairement. L&rsquo;utilisation et le paiement de tous les services offerts sont autoris\u00e9s &#8211; dans la mesure o\u00f9 cela est techniquement possible et raisonnable &#8211; sans sp\u00e9cification de donn\u00e9es personnelles ou sous la sp\u00e9cification de donn\u00e9es anonymes ou d&rsquo;un pseudonyme.<\/p>\n<p>Ce site Web utilise Google Analytics, un service d&rsquo;analyse Web de Google Inc. \u00ab\u00a0(\u00ab\u00a0Google\u00a0\u00bb). Google Analytics utilise des \u00ab\u00a0cookies\u00a0\u00bb, qui sont des fichiers texte plac\u00e9s sur votre ordinateur, pour aider le site web \u00e0 analyser l&rsquo;utilisation du site par les utilisateurs. Les informations g\u00e9n\u00e9r\u00e9es par les cookies concernant votre utilisation de ce site Web sont transf\u00e9r\u00e9es \u00e0 un serveur de Google aux Etats-Unis et y sont stock\u00e9es. Google utilisera ces informations dans le but d&rsquo;\u00e9valuer votre utilisation du site Web, de compiler des rapports sur l&rsquo;activit\u00e9 du site Web pour les exploitants de sites Web et de fournir d&rsquo;autres services li\u00e9s \u00e0 l&rsquo;activit\u00e9 du site Web et \u00e0 l&rsquo;utilisation d&rsquo;Internet. Google peut \u00e9galement transmettre ces informations \u00e0 des tiers si la loi l&rsquo;exige ou si des tiers traitent ces donn\u00e9es pour le compte de Google. Google n&rsquo;associera pas votre adresse IP avec d&rsquo;autres donn\u00e9es d\u00e9tenues par Google. Vous pouvez refuser l&rsquo;utilisation de cookies en s\u00e9lectionnant les param\u00e8tres appropri\u00e9s de votre navigateur, mais veuillez noter que vous pouvez modifier les param\u00e8tres de votre navigateur en cons\u00e9quence.<\/p>\n","protected":false},"excerpt":{"rendered":"<p>Editeur Merz Pharma (Suisse) AG Hegenheimermattweg 57 CH &#8211; 4123 Allschwil Tel.: +41 61 486&#8230;<\/p>\n","protected":false},"author":14,"featured_media":0,"parent":0,"menu_order":99,"comment_status":"closed","ping_status":"closed","template":"","meta":{"_acf_changed":false,"footnotes":""},"class_list":["post-580","page","type-page","status-publish","hentry"],"acf":[],"yoast_head":"<!-- This site is optimized with the Yoast SEO plugin v27.2 - https:\/\/yoast.com\/product\/yoast-seo-wordpress\/ -->\n<title>Mentions l\u00e9gales - Halibut<\/title>\n<meta name=\"robots\" content=\"index, follow, max-snippet:-1, max-image-preview:large, max-video-preview:-1\" \/>\n<link rel=\"canonical\" href=\"https:\/\/www.halibut.ch\/fr\/impressum\" \/>\n<meta property=\"og:locale\" content=\"fr_FR\" \/>\n<meta property=\"og:type\" content=\"article\" \/>\n<meta property=\"og:title\" content=\"Mentions l\u00e9gales - Halibut\" \/>\n<meta property=\"og:description\" content=\"Editeur Merz Pharma (Suisse) AG Hegenheimermattweg 57 CH &#8211; 4123 Allschwil Tel.: +41 61 486...\" \/>\n<meta property=\"og:url\" content=\"https:\/\/www.halibut.ch\/fr\/impressum\" \/>\n<meta property=\"og:site_name\" content=\"Halibut\" \/>\n<meta property=\"article:modified_time\" content=\"2022-11-22T08:44:51+00:00\" \/>\n<meta name=\"twitter:card\" content=\"summary_large_image\" \/>\n<meta name=\"twitter:label1\" content=\"Dur\u00e9e de lecture estim\u00e9e\" \/>\n\t<meta name=\"twitter:data1\" content=\"5 minutes\" \/>\n<script type=\"application\/ld+json\" class=\"yoast-schema-graph\">{\"@context\":\"https:\/\/schema.org\",\"@graph\":[{\"@type\":\"WebPage\",\"@id\":\"https:\/\/www.halibut.ch\/fr\/impressum\",\"url\":\"https:\/\/www.halibut.ch\/fr\/impressum\",\"name\":\"Mentions l\u00e9gales - Halibut\",\"isPartOf\":{\"@id\":\"https:\/\/www.halibut.ch\/fr#website\"},\"datePublished\":\"2017-08-16T12:41:01+00:00\",\"dateModified\":\"2022-11-22T08:44:51+00:00\",\"breadcrumb\":{\"@id\":\"https:\/\/www.halibut.ch\/fr\/impressum#breadcrumb\"},\"inLanguage\":\"fr-FR\",\"potentialAction\":[{\"@type\":\"ReadAction\",\"target\":[\"https:\/\/www.halibut.ch\/fr\/impressum\"]}]},{\"@type\":\"BreadcrumbList\",\"@id\":\"https:\/\/www.halibut.ch\/fr\/impressum#breadcrumb\",\"itemListElement\":[{\"@type\":\"ListItem\",\"position\":1,\"name\":\"Startseite\",\"item\":\"https:\/\/www.halibut.ch\/fr\"},{\"@type\":\"ListItem\",\"position\":2,\"name\":\"Mentions l\u00e9gales\"}]},{\"@type\":\"WebSite\",\"@id\":\"https:\/\/www.halibut.ch\/fr#website\",\"url\":\"https:\/\/www.halibut.ch\/fr\",\"name\":\"Halibut\",\"description\":\"\",\"potentialAction\":[{\"@type\":\"SearchAction\",\"target\":{\"@type\":\"EntryPoint\",\"urlTemplate\":\"https:\/\/www.halibut.ch\/fr?s={search_term_string}\"},\"query-input\":{\"@type\":\"PropertyValueSpecification\",\"valueRequired\":true,\"valueName\":\"search_term_string\"}}],\"inLanguage\":\"fr-FR\"}]}<\/script>\n<!-- \/ Yoast SEO plugin. -->","yoast_head_json":{"title":"Mentions l\u00e9gales - Halibut","robots":{"index":"index","follow":"follow","max-snippet":"max-snippet:-1","max-image-preview":"max-image-preview:large","max-video-preview":"max-video-preview:-1"},"canonical":"https:\/\/www.halibut.ch\/fr\/impressum","og_locale":"fr_FR","og_type":"article","og_title":"Mentions l\u00e9gales - Halibut","og_description":"Editeur Merz Pharma (Suisse) AG Hegenheimermattweg 57 CH &#8211; 4123 Allschwil Tel.: +41 61 486...","og_url":"https:\/\/www.halibut.ch\/fr\/impressum","og_site_name":"Halibut","article_modified_time":"2022-11-22T08:44:51+00:00","twitter_card":"summary_large_image","twitter_misc":{"Dur\u00e9e de lecture estim\u00e9e":"5 minutes"},"schema":{"@context":"https:\/\/schema.org","@graph":[{"@type":"WebPage","@id":"https:\/\/www.halibut.ch\/fr\/impressum","url":"https:\/\/www.halibut.ch\/fr\/impressum","name":"Mentions l\u00e9gales - Halibut","isPartOf":{"@id":"https:\/\/www.halibut.ch\/fr#website"},"datePublished":"2017-08-16T12:41:01+00:00","dateModified":"2022-11-22T08:44:51+00:00","breadcrumb":{"@id":"https:\/\/www.halibut.ch\/fr\/impressum#breadcrumb"},"inLanguage":"fr-FR","potentialAction":[{"@type":"ReadAction","target":["https:\/\/www.halibut.ch\/fr\/impressum"]}]},{"@type":"BreadcrumbList","@id":"https:\/\/www.halibut.ch\/fr\/impressum#breadcrumb","itemListElement":[{"@type":"ListItem","position":1,"name":"Startseite","item":"https:\/\/www.halibut.ch\/fr"},{"@type":"ListItem","position":2,"name":"Mentions l\u00e9gales"}]},{"@type":"WebSite","@id":"https:\/\/www.halibut.ch\/fr#website","url":"https:\/\/www.halibut.ch\/fr","name":"Halibut","description":"","potentialAction":[{"@type":"SearchAction","target":{"@type":"EntryPoint","urlTemplate":"https:\/\/www.halibut.ch\/fr?s={search_term_string}"},"query-input":{"@type":"PropertyValueSpecification","valueRequired":true,"valueName":"search_term_string"}}],"inLanguage":"fr-FR"}]}},"_links":{"self":[{"href":"https:\/\/www.halibut.ch\/fr\/wp-json\/wp\/v2\/pages\/580","targetHints":{"allow":["GET"]}}],"collection":[{"href":"https:\/\/www.halibut.ch\/fr\/wp-json\/wp\/v2\/pages"}],"about":[{"href":"https:\/\/www.halibut.ch\/fr\/wp-json\/wp\/v2\/types\/page"}],"author":[{"embeddable":true,"href":"https:\/\/www.halibut.ch\/fr\/wp-json\/wp\/v2\/users\/14"}],"replies":[{"embeddable":true,"href":"https:\/\/www.halibut.ch\/fr\/wp-json\/wp\/v2\/comments?post=580"}],"version-history":[{"count":16,"href":"https:\/\/www.halibut.ch\/fr\/wp-json\/wp\/v2\/pages\/580\/revisions"}],"predecessor-version":[{"id":2225,"href":"https:\/\/www.halibut.ch\/fr\/wp-json\/wp\/v2\/pages\/580\/revisions\/2225"}],"wp:attachment":[{"href":"https:\/\/www.halibut.ch\/fr\/wp-json\/wp\/v2\/media?parent=580"}],"curies":[{"name":"wp","href":"https:\/\/api.w.org\/{rel}","templated":true}]}}